{"id":15,"date":"2024-06-18T09:00:47","date_gmt":"2024-06-18T07:00:47","guid":{"rendered":"https:\/\/puratintatattoo.com\/?page_id=15"},"modified":"2024-09-06T14:41:50","modified_gmt":"2024-09-06T12:41:50","slug":"legal","status":"publish","type":"page","link":"https:\/\/puratintatattoo.com\/ca\/legal\/","title":{"rendered":"Av\u00eds legal"},"content":{"rendered":"<div data-elementor-type=\"wp-page\" data-elementor-id=\"15\" class=\"elementor elementor-15\" data-elementor-post-type=\"page\">\n\t\t\t\t\t\t<section class=\"elementor-section elementor-top-section elementor-element elementor-element-3d50126 elementor-section-height-min-height elementor-section-boxed elementor-section-height-default elementor-section-items-middle\" data-id=\"3d50126\" data-element_type=\"section\" data-e-type=\"section\" data-settings=\"{&quot;background_background&quot;:&quot;classic&quot;}\">\n\t\t\t\t\t\t\t<div class=\"elementor-background-overlay\"><\/div>\n\t\t\t\t\t\t\t<div class=\"elementor-container elementor-column-gap-wide\">\n\t\t\t\t\t<div class=\"elementor-column elementor-col-100 elementor-top-column elementor-element elementor-element-e4bfedb\" data-id=\"e4bfedb\" data-element_type=\"column\" data-e-type=\"column\">\n\t\t\t<div class=\"elementor-widget-wrap elementor-element-populated\">\n\t\t\t\t\t\t<div class=\"elementor-element elementor-element-d6ca2c1 elementor-widget elementor-widget-heading\" data-id=\"d6ca2c1\" data-element_type=\"widget\" data-e-type=\"widget\" data-widget_type=\"heading.default\">\n\t\t\t\t<div class=\"elementor-widget-container\">\n\t\t\t\t\t<h2 class=\"elementor-heading-title elementor-size-default\">Av\u00eds legal<\/h2>\t\t\t\t<\/div>\n\t\t\t\t<\/div>\n\t\t\t\t\t<\/div>\n\t\t<\/div>\n\t\t\t\t\t<\/div>\n\t\t<\/section>\n\t\t\t\t<section class=\"elementor-section elementor-top-section elementor-element elementor-element-0fa9551 elementor-section-full_width elementor-section-height-default elementor-section-height-default\" data-id=\"0fa9551\" data-element_type=\"section\" data-e-type=\"section\" data-settings=\"{&quot;background_background&quot;:&quot;classic&quot;}\">\n\t\t\t\t\t\t<div class=\"elementor-container elementor-column-gap-no\">\n\t\t\t\t\t<div class=\"elementor-column elementor-col-100 elementor-top-column elementor-element elementor-element-f5f17f3\" data-id=\"f5f17f3\" data-element_type=\"column\" data-e-type=\"column\">\n\t\t\t<div class=\"elementor-widget-wrap elementor-element-populated\">\n\t\t\t\t\t\t<div class=\"elementor-element elementor-element-0a0491e elementor-widget elementor-widget-spacer\" data-id=\"0a0491e\" data-element_type=\"widget\" data-e-type=\"widget\" data-widget_type=\"spacer.default\">\n\t\t\t\t<div class=\"elementor-widget-container\">\n\t\t\t\t\t\t\t<div class=\"elementor-spacer\">\n\t\t\t<div class=\"elementor-spacer-inner\"><\/div>\n\t\t<\/div>\n\t\t\t\t\t\t<\/div>\n\t\t\t\t<\/div>\n\t\t\t\t<section class=\"elementor-section elementor-inner-section elementor-element elementor-element-962afcd elementor-section-boxed elementor-section-height-default elementor-section-height-default\" data-id=\"962afcd\" data-element_type=\"section\" data-e-type=\"section\">\n\t\t\t\t\t\t<div class=\"elementor-container elementor-column-gap-default\">\n\t\t\t\t\t<div class=\"elementor-column elementor-col-100 elementor-inner-column elementor-element elementor-element-70b257d\" data-id=\"70b257d\" data-element_type=\"column\" data-e-type=\"column\">\n\t\t\t<div class=\"elementor-widget-wrap elementor-element-populated\">\n\t\t\t\t\t\t<div class=\"elementor-element elementor-element-7af45d3 elementor-widget elementor-widget-heading\" data-id=\"7af45d3\" data-element_type=\"widget\" data-e-type=\"widget\" data-widget_type=\"heading.default\">\n\t\t\t\t<div class=\"elementor-widget-container\">\n\t\t\t\t\t<h2 class=\"elementor-heading-title elementor-size-default\">Av\u00eds legal<\/h2>\t\t\t\t<\/div>\n\t\t\t\t<\/div>\n\t\t\t\t\t<\/div>\n\t\t<\/div>\n\t\t\t\t\t<\/div>\n\t\t<\/section>\n\t\t\t\t<section class=\"elementor-section elementor-inner-section elementor-element elementor-element-61d8c2d elementor-section-boxed elementor-section-height-default elementor-section-height-default\" data-id=\"61d8c2d\" data-element_type=\"section\" data-e-type=\"section\">\n\t\t\t\t\t\t<div class=\"elementor-container elementor-column-gap-default\">\n\t\t\t\t\t<div class=\"elementor-column elementor-col-100 elementor-inner-column elementor-element elementor-element-097c1a2\" data-id=\"097c1a2\" data-element_type=\"column\" data-e-type=\"column\">\n\t\t\t<div class=\"elementor-widget-wrap elementor-element-populated\">\n\t\t\t\t\t\t<div class=\"elementor-element elementor-element-4a81824 elementor-widget elementor-widget-text-editor\" data-id=\"4a81824\" data-element_type=\"widget\" data-e-type=\"widget\" data-widget_type=\"text-editor.default\">\n\t\t\t\t<div class=\"elementor-widget-container\">\n\t\t\t\t\t\t\t\t\t<div class=\"elementor elementor-15\" data-elementor-type=\"wp-page\" data-elementor-id=\"15\" data-elementor-post-type=\"page\"><div class=\"elementor-element elementor-element-fd9dd40 e-flex e-con-boxed e-con e-parent e-lazyloaded\" data-id=\"fd9dd40\" data-element_type=\"container\"><div class=\"e-con-inner\"><div class=\"elementor-element elementor-element-38dc683 elementor-widget elementor-widget-text-editor\" data-id=\"38dc683\" data-element_type=\"widget\" data-widget_type=\"text-editor.default\"><div class=\"elementor-widget-container\"><h3>I. INFORMACI\u00d3 GENERAL<\/h3><p>En compliment del deure d'informaci\u00f3 establert a la Llei 34\/2002, d'11 de juliol, de Serveis de la Societat de la Informaci\u00f3 i de Comer\u00e7 Electr\u00f2nic (LSSI-CE), a continuaci\u00f3 es facilita la informaci\u00f3 general seg\u00fcent sobre aquest lloc web:<\/p><p>La propietat d'aquest lloc web,\u00a0<span class=\"blanc-space ng-binding\">https:\/\/puratintatattoo.com\/<\/span>, (en endavant, el \u00abLloc web\u00bb) \u00e9s propietat de:\u00a0<span class=\"blanc-space ng-binding\">Brayan Estiben Ruiz Rivera<\/span>, amb n\u00famero de registre fiscal:\u00a0<span class=\"blanc-space ng-binding\">48138312W<\/span>, els seus dades de contacte s\u00f3n:<\/p><p>Adre\u00e7a:\u00a0<span class=\"blanc-space ng-binding\">46C Carrer Rovira i Virgili, planta baixa, 43002, Tarragona<\/span><\/p><p>N\u00famero de contacte:\u00a0<span class=\"blanc-space ng-binding\">34670879434<\/span><\/p><p>Correu electr\u00f2nic de contacte:\u00a0<span class=\"blanc-space ng-binding\">reyesingrid534@gmail.com<\/span><\/p><h3>II. TERMES I CONDICIONS GENERALS D'\u00daS<\/h3><h4>L'objecte d'aquests termes i condicions: El lloc web<\/h4><p>L'objecte d'aquestes Condicions Generals d'\u00das (en endavant, les \u00abCondicions\u00bb) \u00e9s regular l'acc\u00e9s i l'\u00fas del lloc web. A efectes d'aquests Termes, el terme \"Lloc web\" s'entend com l'aparen\u00e7a externa de les interf\u00edcies de pantalla, tant est\u00e0tiques com din\u00e0miques, \u00e9s a dir, l'arbre de navegaci\u00f3; i tots els elements integrats tant a les interf\u00edcies de pantalla com a l'arbre de navegaci\u00f3 (d'ara endavant, \"Contingut\"); i tots aquells serveis o recursos en l\u00ednia que es puguin oferir als Usuaris (d'ara endavant, \"Serveis\").<\/p><p><span class=\"blanc-space ng-binding\">Tatuatge de tinta pura<\/span>\u00a0es reserva el dret de modificar, en qualsevol moment i sense previ av\u00eds, la disposici\u00f3 i la configuraci\u00f3 del lloc web i del contingut i dels serveis que s'hi puguin incloure. L'Usuari reconeix i accepta que en qualsevol moment\u00a0<span class=\"blanc-space ng-binding\">Tatuatge de tinta pura<\/span>\u00a0pot suspendre, desactivar i\/o cancel\u00b7lar qualsevol d'aquestes caracter\u00edstiques incloses al lloc web o l'acc\u00e9s a aquestes.<\/p><p>L'acc\u00e9s al lloc web per part de l'usuari \u00e9s lliure i, com a regla general, gratu\u00eft; l'usuari no ha de pagar cap tarifa per utilitzar-lo, excepte el cost de la connexi\u00f3 a trav\u00e9s de la xarxa de telecomunicacions proporcionada pel prove\u00efdor de serveis d'internet amb qui l'usuari t\u00e9 un contracte.<\/p><p>L'\u00fas de qualsevol dels continguts o serveis del lloc web pot estar subjecte a la subscripci\u00f3 o registre previ de l'usuari.<\/p><h4>L'usuari<\/h4><p>L'acc\u00e9s, la navegaci\u00f3 i l'\u00fas del lloc web, aix\u00ed com les \u00e0rees habilitades per a la interacci\u00f3 entre els usuaris i entre l'usuari i\u00a0<span class=\"blanc-space ng-binding\">Tatuatge de tinta pura<\/span>, com ara seccions de comentaris i\/o de blocs, atorga l'estatus d'Usuari; en conseq\u00fc\u00e8ncia, des del moment en qu\u00e8 l'Usuari comen\u00e7a a navegar pel Lloc web, se li considera que ha acceptat tots els Termes i Condicions establerts en aquest document, aix\u00ed com qualsevol modificaci\u00f3 posterior, sense perjudici de l'aplicaci\u00f3 de les disposicions legals obligat\u00f2ries corresponents. Atesa la import\u00e0ncia de l'anterior, s'aconsella als Usuaris que llegeixin aquests Termes i Condicions cada vegada que visitin el Lloc web.<\/p><p>El lloc web de\u00a0<span class=\"blanc-space ng-binding\">Tatuatge de tinta pura<\/span>\u00a0ofereix una \u00e0mplia gamma d'informaci\u00f3, serveis i dades. L'Usuari \u00e9s responsable d'utilitzar el lloc web correctament. Aquesta responsabilitat s'est\u00e9n a:<\/p><ul><li>\u00das de la informaci\u00f3, el contingut i\/o els serveis i dades proporcionats per\u00a0<span class=\"blanc-space ng-binding\">Tatuatge de tinta pura<\/span>\u00a0sense contravenir les disposicions d'aquests Termes i Condicions, la llei, la moral p\u00fablica o l'ordre p\u00fablic, o infringir de qualsevol altra manera els drets de tercers o el funcionament correcte del Lloc web.<\/li><li>L'exactitud i la licitud de la informaci\u00f3 proporcionada per l'Usuari en els formularis emesos per\u00a0<span class=\"blanc-space ng-binding\">Tatuatge de tinta pura<\/span>\u00a0per accedir a determinats Continguts o Serveis oferts pel Lloc web. En qualsevol cas, l'Usuari haur\u00e0 de notificar immediatament\u00a0<span class=\"blanc-space ng-binding\">Tatuatge de tinta pura<\/span>\u00a0Pel que fa a qualsevol incident que pugui conduir a l'\u00fas indegut de la informaci\u00f3 registrada en aquests formularis, com ara, entre d'altres, el robatori, la p\u00e8rdua o l'acc\u00e9s no autoritzat a noms d'usuari i\/o contrasenyes, perqu\u00e8 puguem procedir a la seva cancel\u00b7laci\u00f3 immediata.<\/li><\/ul><p><span class=\"blanc-space ng-binding\">Tatuatge de tinta pura<\/span>\u00a0es reserva el dret de suprimir qualsevol comentari o contribuci\u00f3 que infringeixi la llei, violi la dignitat humana, sigui discriminatori, xen\u00f2fob, racista, pornogr\u00e0fic o constitueixi correu brossa; que sigui nociu per a la joventut o els infants; que amenaci l'ordre p\u00fablic o la seguretat; o que, al seu parer, no sigui apte per a la publicaci\u00f3.<\/p><p>En qualsevol cas,\u00a0<span class=\"blanc-space ng-binding\">Tatuatge de tinta pura<\/span>\u00a0no ser\u00e0 responsable de les opinions expressades pels Usuaris mitjan\u00e7ant comentaris o qualsevol altra eina de blog o participaci\u00f3 que pugui estar disponible.<\/p><p>El simple acc\u00e9s a aquest lloc web no implica l'establiment de cap mena de relaci\u00f3 comercial entre\u00a0<span class=\"blanc-space ng-binding\">Tatuatge de tinta pura<\/span>\u00a0i l'Usuari.<\/p><p>L'Usuari declara que \u00e9s major d'edat i t\u00e9 capacitat jur\u00eddica suficient per quedar vinculat per aquests Termes i Condicions. Per tant, aquest lloc web\u00a0<span class=\"blanc-space ng-binding\">Tatuatge de tinta pura<\/span>\u00a0No est\u00e0 dirigit a menors d'edat.\u00a0<span class=\"blanc-space ng-binding\">Tatuatge de tinta pura<\/span>\u00a0No accepta cap responsabilitat per l'incompliment d'aquest requisit.<\/p><p>El lloc web est\u00e0 principalment dirigit a usuaris residents a .\u00a0<span class=\"blanc-space ng-binding\">Tatuatge de tinta pura<\/span>\u00a0no garanteix que el lloc web compleixi les lleis d'altres pa\u00efsos, ni totalment ni parcialment. Si l'Usuari resideix o est\u00e0 domiciliat en un altre lloc i decideix accedir i\/o navegar pel lloc web, ho fa sota la seva pr\u00f2pia responsabilitat; ha de garantir que aquest acc\u00e9s i navegaci\u00f3 compleixin les lleis locals aplicables i l'Empresa no accepta cap responsabilitat.\u00a0<span class=\"blanc-space ng-binding\">Tatuatge de tinta pura<\/span>\u00a0qualsevol responsabilitat que pugui derivar d'aquest acc\u00e9s.<\/p><h3>III. ACC\u00c9S I NAVEGACI\u00d3 PER LA P\u00c0GINA WEB: EXONERACI\u00d3 DE GARANTIES I RESPONSABILITAT<\/h3><p><span class=\"blanc-space ng-binding\">Tatuatge de tinta pura<\/span>\u00a0no garanteix la continu\u00eftat, la disponibilitat o la utilitat del lloc web, ni dels continguts o serveis.\u00a0<span class=\"blanc-space ng-binding\">Tatuatge de tinta pura<\/span>\u00a0Far\u00e0 tot el possible per garantir el bon funcionament del lloc web; tanmateix, no accepta cap responsabilitat ni ofereix cap garantia que l'acc\u00e9s a aquest lloc web sigui ininterromput o sense errors.<\/p><p>Tampoc no accepta cap responsabilitat ni garantia que el contingut o el programari accessibles a trav\u00e9s d'aquest lloc web estiguin lliures d'errors o no causin danys al sistema inform\u00e0tic de l'usuari (programari i maquinari). En cap circumst\u00e0ncia\u00a0<span class=\"blanc-space ng-binding\">Tatuatge de tinta pura<\/span>\u00a0ser\u00e0 responsable de qualsevol p\u00e8rdua o dany de qualsevol mena que sorgeixi de l'acc\u00e9s, la navegaci\u00f3 o l'\u00fas del lloc web, incloent-hi, entre d'altres, danys als sistemes inform\u00e0tics o els danys causats per la introducci\u00f3 de virus.<\/p><p><span class=\"blanc-space ng-binding\">Tatuatge de tinta pura<\/span>\u00a0Ni accepta cap responsabilitat per qualsevol dany que pugui causar als usuaris com a resultat de l'\u00fas indegut d'aquest lloc web. En particular, no assumeix cap responsabilitat per cap tall, interrupci\u00f3, fallada o avaria en les telecomunicacions que pugui produir-se.<\/p><h3>IV. POL\u00cdTICA D'ENLLA\u00c7OS<\/h3><p>Us informem que el lloc web de\u00a0<span class=\"blanc-space ng-binding\">Tatuatge de tinta pura<\/span>\u00a0proporciona, o pot proporcionar, als Usuaris enlla\u00e7os (com ara, per\u00f2 sense limitar-s'hi, hiperenlla\u00e7os, b\u00e0ners i botons), directoris i motors de cerca que permeten als Usuaris accedir a llocs web propietat de tercers i\/o gestionats per aquests.<\/p><p>La inclusi\u00f3 d'aquests enlla\u00e7os, directoris i motors de cerca al lloc web t\u00e9 per objectiu facilitar als Usuaris la cerca i l'acc\u00e9s a la informaci\u00f3 disponible a Internet; no s'ha d'interpretar com una sugger\u00e8ncia, recomanaci\u00f3 o invitaci\u00f3 a visitar-los.<\/p><p><span class=\"blanc-space ng-binding\">Tatuatge de tinta pura<\/span>\u00a0no ofereix ni ven, ni directament ni a trav\u00e9s de tercers, els productes i\/o serveis disponibles en aquests llocs enlla\u00e7ats.<\/p><p>A m\u00e9s, no garanteix la disponibilitat t\u00e8cnica, l'exactitud, la veracitat, la validesa o la legalitat de les p\u00e0gines web de tercers a les quals es pot accedir a trav\u00e9s d'aquests enlla\u00e7os.<\/p><p><span class=\"blanc-space ng-binding\">Tatuatge de tinta pura<\/span>\u00a0En cap cas revisar\u00e0 ni supervisar\u00e0 el contingut d'altres llocs web, ni tampoc avalua, examina o adopta com a propis els productes i serveis, el contingut, els fitxers o qualsevol altre material que es trobi als llocs enlla\u00e7ats.<\/p><p><span class=\"blanc-space ng-binding\">Tatuatge de tinta pura<\/span>\u00a0no accepta cap responsabilitat pels danys que puguin derivar-se de l'acc\u00e9s, l'\u00fas, la qualitat o la legalitat del contingut, les comunicacions, les opinions, els productes i els serveis de llocs web no gestionats per\u00a0<span class=\"blanc-space ng-binding\">Tatuatge de tinta pura<\/span>\u00a0i als quals s'enlla\u00e7a des d'aquest lloc web.<\/p><p>Qualsevol usuari o tercer que cre\u00ef un hiperv\u00edncle des d'una p\u00e0gina web d'un lloc web diferent al lloc web de\u00a0<span class=\"blanc-space ng-binding\">Tatuatge de tinta pura<\/span>\u00a0cal que s\u00e0pigues que:<\/p><p>La reproducci\u00f3\u2014en tot o en part\u2014de qualsevol dels Continguts i\/o Serveis del lloc web no est\u00e0 permesa sense l'autoritzaci\u00f3 expressa de\u00a0<span class=\"blanc-space ng-binding\">Tatuatge de tinta pura<\/span>.<\/p><p>No es permeten declaracions falses, inexactes o incorrectes al lloc web de\u00a0<span class=\"blanc-space ng-binding\">Tatuatge de tinta pura<\/span>, ni pel que fa al Contingut i\/o als Serveis que s'hi proporcionen.<\/p><p>Amb l'excepci\u00f3 de l'hiperv\u00edncul, el lloc web en qu\u00e8 es col\u00b7loqui aquest hiperv\u00edncul no haur\u00e0 de contenir cap element d'aquest lloc web que estigui protegit com a propietat intel\u00b7lectual segons la legislaci\u00f3 espanyola, llevat que estigui expressament autoritzat per\u00a0<span class=\"blanc-space ng-binding\">Tatuatge de tinta pura<\/span>.<\/p><p>La inclusi\u00f3 d'un hiperv\u00edncle no implicar\u00e0 l'exist\u00e8ncia de cap relaci\u00f3 entre\u00a0<span class=\"blanc-space ng-binding\">Tatuatge de tinta pura<\/span>\u00a0i el propietari del lloc web des del qual es fa, ni el coneixement i l'acceptaci\u00f3 de\u00a0<span class=\"blanc-space ng-binding\">Tatuatge de tinta pura<\/span>\u00a0del contingut, els serveis i\/o les activitats oferts en aquest lloc web, i viceversa.<\/p><h3>V. PROPIETAT INTEL\u00b7LECTUAL I INDUSTRIAL<\/h3><p><span class=\"blanc-space ng-binding\">Tatuatge de tinta pura<\/span>\u00a0Tant si \u00e9s directament com si \u00e9s com a cession\u00e0ria, la Companyia \u00e9s la titular de tots els drets de propietat intel\u00b7lectual i industrial relacionats amb el lloc web, aix\u00ed com dels elements que cont\u00e9 (incloent-hi, entre d'altres, imatges, so, \u00e0udio, v\u00eddeo, programari o text, marques o logotips, esquemes de color, estructura i disseny, selecci\u00f3 de materials utilitzats, programes inform\u00e0tics necessaris per al seu funcionament, acc\u00e9s i \u00fas, etc.). Per tant, es tracta d'obres protegides com a propietat intel\u00b7lectual en virtut de la legislaci\u00f3 espanyola, a la qual s'apliquen tant la normativa espanyola com la de la UE en aquesta mat\u00e8ria, aix\u00ed com els tractats internacionals rellevants signats per Espanya.<\/p><p>Tots els drets reservats. D'acord amb les disposicions de la Llei de Propietat Intel\u00b7lectual, la reproducci\u00f3, la distribuci\u00f3 i la comunicaci\u00f3 p\u00fablica \u2014incloent-hi la posada a disposici\u00f3 del p\u00fablic\u2014 de tot o part del contingut d'aquest lloc web amb finalitats comercials, en qualsevol format i per qualsevol mitj\u00e0 t\u00e8cnic, est\u00e0 expressament prohibida sense l'autoritzaci\u00f3 de\u00a0<span class=\"blanc-space ng-binding\">Tatuatge de tinta pura<\/span>.<\/p><p>L'Usuari es compromet a respectar els drets de propietat intel\u00b7lectual i industrial de\u00a0<span class=\"blanc-space ng-binding\">Tatuatge de tinta pura<\/span>. Podeu visualitzar el contingut del lloc web, o fins i tot imprimir-lo, copiar-lo i desar-lo al disc dur del vostre ordinador o a qualsevol altre mitj\u00e0 f\u00edsic, sempre que sigui \u00fanicament per al vostre \u00fas personal. No obstant aix\u00f2, no podeu eliminar, alterar ni manipular cap mecanisme de protecci\u00f3 ni cap sistema de seguretat instal\u00b7lat al lloc web.<\/p><p>Si l'Usuari o qualsevol tercer considera que qualsevol dels Continguts del Lloc Web infringeix drets de propietat intel\u00b7lectual, haur\u00e0 de notificar-ho immediatament\u00a0<span class=\"blanc-space ng-binding\">Tatuatge de tinta pura<\/span>\u00a0utilitzant les dades de contacte facilitades a la secci\u00f3 d'INFORMACI\u00d3 GENERAL d'aquest Av\u00eds Legal i Condicions Generals d'\u00das.<\/p><h3>VI. ACCIONS LEGALS, LLEI APLICABLE I JURISDICCI\u00d3<\/h3><p><span class=\"blanc-space ng-binding\">Tatuatge de tinta pura<\/span>\u00a0es reserva el dret d'iniciar qualsevol procediment civil o penal que consideri necessari en relaci\u00f3 amb l'\u00fas indegut del lloc web i el seu contingut, o qualsevol incompliment d'aquests Termes i Condicions.<\/p><p>La relaci\u00f3 entre l'Usuari i\u00a0<span class=\"blanc-space ng-binding\">Tatuatge de tinta pura<\/span>\u00a0S'haur\u00e0 de regir per la legislaci\u00f3 vigent i aplicable al territori espanyol. En cas que sorgeixi qualsevol disputa en relaci\u00f3 amb la interpretaci\u00f3 i\/o aplicaci\u00f3 d'aquests Termes i Condicions, les parts sotmetran les seves controv\u00e8rsies als tribunals ordinaris, sotmetent-se als tribunals i jutjats competents d'acord amb la llei.<\/p><\/div><\/div><\/div><\/div><\/div>\t\t\t\t\t\t\t\t<\/div>\n\t\t\t\t<\/div>\n\t\t\t\t<div class=\"elementor-element elementor-element-625d0c4 elementor-widget elementor-widget-spacer\" data-id=\"625d0c4\" data-element_type=\"widget\" data-e-type=\"widget\" data-widget_type=\"spacer.default\">\n\t\t\t\t<div class=\"elementor-widget-container\">\n\t\t\t\t\t\t\t<div class=\"elementor-spacer\">\n\t\t\t<div class=\"elementor-spacer-inner\"><\/div>\n\t\t<\/div>\n\t\t\t\t\t\t<\/div>\n\t\t\t\t<\/div>\n\t\t\t\t\t<\/div>\n\t\t<\/div>\n\t\t\t\t\t<\/div>\n\t\t<\/section>\n\t\t\t\t\t<\/div>\n\t\t<\/div>\n\t\t\t\t\t<\/div>\n\t\t<\/section>\n\t\t\t\t<\/div>","protected":false},"excerpt":{"rendered":"<p>Aviso legal Aviso legal I. INFORMACI\u00d3N GENERAL En cumplimiento con el deber de informaci\u00f3n dispuesto en la Ley 34\/2002 de Servicios de la Sociedad de la Informaci\u00f3n y el Comercio Electr\u00f3nico (LSSI-CE) de 11 de julio, se facilitan a continuaci\u00f3n los siguientes datos de informaci\u00f3n general de este sitio web: La titularidad de este sitio [&hellip;]<\/p>\n","protected":false},"author":14,"featured_media":0,"parent":0,"menu_order":0,"comment_status":"closed","ping_status":"closed","template":"elementor_header_footer","meta":{"_joinchat":[],"footnotes":""},"class_list":["post-15","page","type-page","status-publish","hentry"],"aioseo_notices":[],"_links":{"self":[{"href":"https:\/\/puratintatattoo.com\/ca\/wp-json\/wp\/v2\/pages\/15","targetHints":{"allow":["GET"]}}],"collection":[{"href":"https:\/\/puratintatattoo.com\/ca\/wp-json\/wp\/v2\/pages"}],"about":[{"href":"https:\/\/puratintatattoo.com\/ca\/wp-json\/wp\/v2\/types\/page"}],"author":[{"embeddable":true,"href":"https:\/\/puratintatattoo.com\/ca\/wp-json\/wp\/v2\/users\/14"}],"replies":[{"embeddable":true,"href":"https:\/\/puratintatattoo.com\/ca\/wp-json\/wp\/v2\/comments?post=15"}],"version-history":[{"count":10,"href":"https:\/\/puratintatattoo.com\/ca\/wp-json\/wp\/v2\/pages\/15\/revisions"}],"predecessor-version":[{"id":1309,"href":"https:\/\/puratintatattoo.com\/ca\/wp-json\/wp\/v2\/pages\/15\/revisions\/1309"}],"wp:attachment":[{"href":"https:\/\/puratintatattoo.com\/ca\/wp-json\/wp\/v2\/media?parent=15"}],"curies":[{"name":"wp","href":"https:\/\/api.w.org\/{rel}","templated":true}]}}